{"id":4193,"date":"2020-04-02T14:55:06","date_gmt":"2020-04-02T13:55:06","guid":{"rendered":"https:\/\/franclau.com\/politica-de-privacidad\/"},"modified":"2024-02-28T11:17:59","modified_gmt":"2024-02-28T10:17:59","slug":"politique-de-confidentialite","status":"publish","type":"page","link":"https:\/\/franclau.com\/fr\/politique-de-confidentialite\/","title":{"rendered":"Politique de confidentialit\u00e9"},"content":{"rendered":"\t\t<div data-elementor-type=\"wp-page\" data-elementor-id=\"4193\" class=\"elementor elementor-4193 elementor-624\" data-elementor-post-type=\"page\">\n\t\t\t\t\t\t<section class=\"elementor-section elementor-top-section elementor-element elementor-element-c51007c elementor-section-full_width elementor-section-stretched elementor-section-height-default elementor-section-height-default\" data-id=\"c51007c\" data-element_type=\"section\" data-e-type=\"section\" data-settings=\"{&quot;stretch_section&quot;:&quot;section-stretched&quot;}\">\n\t\t\t\t\t\t<div class=\"elementor-container elementor-column-gap-default\">\n\t\t\t\t\t<div class=\"elementor-column elementor-col-100 elementor-top-column elementor-element elementor-element-e5bd913\" data-id=\"e5bd913\" data-element_type=\"column\" data-e-type=\"column\">\n\t\t\t<div class=\"elementor-widget-wrap elementor-element-populated\">\n\t\t\t\t\t\t<div class=\"elementor-element elementor-element-6687f88 elementor-widget elementor-widget-heading\" data-id=\"6687f88\" data-element_type=\"widget\" data-e-type=\"widget\" data-widget_type=\"heading.default\">\n\t\t\t\t<div class=\"elementor-widget-container\">\n\t\t\t\t\t<h2 class=\"elementor-heading-title elementor-size-default\">POLITIQUE DE CONFIDENTIALIT\u00c9\n<\/h2>\t\t\t\t<\/div>\n\t\t\t\t<\/div>\n\t\t\t\t\t<\/div>\n\t\t<\/div>\n\t\t\t\t\t<\/div>\n\t\t<\/section>\n\t\t\t\t<section class=\"elementor-section elementor-top-section elementor-element elementor-element-2f143c4 elementor-section-boxed elementor-section-height-default elementor-section-height-default\" data-id=\"2f143c4\" data-element_type=\"section\" data-e-type=\"section\">\n\t\t\t\t\t\t<div class=\"elementor-container elementor-column-gap-default\">\n\t\t\t\t\t<div class=\"elementor-column elementor-col-100 elementor-top-column elementor-element elementor-element-05a2db7\" data-id=\"05a2db7\" data-element_type=\"column\" data-e-type=\"column\">\n\t\t\t<div class=\"elementor-widget-wrap elementor-element-populated\">\n\t\t\t\t\t\t<div class=\"elementor-element elementor-element-0718d63 elementor-widget elementor-widget-text-editor\" data-id=\"0718d63\" data-element_type=\"widget\" data-e-type=\"widget\" data-widget_type=\"text-editor.default\">\n\t\t\t\t<div class=\"elementor-widget-container\">\n\t\t\t\t\t\t\t\t\t<p>FRANCLAU MARKETING SL avec CIF B67596486 avec adresse \u00e0 Calle Doctor Barraquer num\u00e9ro 3-5, Local Nexes, 08770 Sant Sadurni d&rsquo;Anoia (BARCELONA), est propri\u00e9taire du site Web et responsable du traitement des donn\u00e9es personnelles que les utilisateurs fournissent \u00e0 travers celui-ci. site web.<\/p><p>FRANCLAU MARKETING SL informe les utilisateurs de ce site Web de sa politique en mati\u00e8re de traitement et de protection des donn\u00e9es personnelles des utilisateurs et des clients qui peuvent \u00eatre collect\u00e9es lors de la navigation et de l&rsquo;utilisation de ce site Web.<\/p><p>Le but de ce document est d&rsquo;informer les utilisateurs sur ce que nous faisons avec leurs donn\u00e9es personnelles, comment elles sont collect\u00e9es, \u00e0 quoi elles sont utilis\u00e9es, les droits qui les assistent ainsi que toutes les informations n\u00e9cessaires \u00e9tablies par la r\u00e9glementation en vigueur.<\/p><p>En utilisant ce site Web, nous comprenons que vous avez lu et compris les informations pr\u00e9sent\u00e9es concernant le traitement de vos donn\u00e9es personnelles.<\/p><p>Notre objectif principal est de traiter les donn\u00e9es personnelles de mani\u00e8re licite, \u00e9quitable et transparente.<\/p><p>Donn\u00e9es collect\u00e9es, finalit\u00e9 et l\u00e9galit\u00e9<\/p><p>Les donn\u00e9es personnelles trait\u00e9es sont celles fournies par les utilisateurs via les formulaires disponibles sur ce site Internet et constituent le minimum requis pour pouvoir vous envoyer des informations sur nos produits\/services, pouvoir passer des commandes, ainsi que pouvoir \u00e9tablir les factures correspondantes. , informer sur l&rsquo;\u00e9tat des commandes, traiter les r\u00e9clamations et toute autre gestion d\u00e9riv\u00e9e de la fourniture du service effectu\u00e9 via ce site Web.<\/p><p>\u00a0<\/p><p><b>Donn\u00e9es collect\u00e9es pour la demande d&rsquo;informations via le formulaire Web.<\/b><\/p><p>Les donn\u00e9es personnelles collect\u00e9es via le formulaire Web de demande d&rsquo;informations sont destin\u00e9es \u00e0 envoyer des informations commerciales sur nos produits et services.<\/p><p>Le traitement des donn\u00e9es dans ce cas pr\u00e9cis est l\u00e9gitim\u00e9 par le consentement expr\u00e8s que vous nous donnez en acceptant l&rsquo;envoi des informations fournies via le formulaire.<\/p><p>\u00a0<\/p><p><strong>Op\u00e9rations r\u00e9alis\u00e9es avec des donn\u00e9es personnelles<\/strong><\/p><p>Les donn\u00e9es personnelles sont enregistr\u00e9es via le site Web et conserv\u00e9es sur des supports \u00e9lectroniques contr\u00f4l\u00e9s et supervis\u00e9s par le responsable du traitement. Les supports disposent des mesures techniques et organisationnelles n\u00e9cessaires qui garantissent la confidentialit\u00e9 requise dans le traitement des donn\u00e9es.<\/p><p>Le personnel intervenant dans les op\u00e9rations de traitement des donn\u00e9es : acc\u00e8s, modification, suppression, etc&#8230; est form\u00e9 pour cela et est form\u00e9 et engag\u00e9 dans notre politique de protection des donn\u00e9es.<\/p><p>\u00a0<\/p><p><strong>Conservation des donn\u00e9es<\/strong><\/p><p>Les donn\u00e9es personnelles seront conserv\u00e9es aussi longtemps que n\u00e9cessaire pour atteindre la ou les finalit\u00e9s pour lesquelles elles ont \u00e9t\u00e9 destin\u00e9es.<\/p><p>Par cons\u00e9quent, nous conserverons vos informations personnelles tant qu&rsquo;il existera une relation contractuelle et\/ou commerciale avec vous ou tant que vous n&rsquo;exercerez pas votre droit \u00e0 la suppression, \u00e0 l&rsquo;annulation et\/ou \u00e0 la limitation du traitement de vos donn\u00e9es.<\/p><p>Dans ces cas, nous garderons les informations d\u00fbment bloqu\u00e9es, sans leur donner aucune utilisation, aussi longtemps qu&rsquo;elles peuvent \u00eatre n\u00e9cessaires \u00e0 l&rsquo;exercice ou \u00e0 la d\u00e9fense de r\u00e9clamations ou qu&rsquo;un certain type de responsabilit\u00e9 judiciaire, l\u00e9gale ou contractuelle puisse d\u00e9couler de leur traitement. , dont il faut s&rsquo;occuper et pour lequel sa r\u00e9cup\u00e9ration est n\u00e9cessaire.<\/p><p>\u00a0<\/p><p><strong>Protection des mineurs<\/strong><\/p><p>Ce site Web n&rsquo;est pas destin\u00e9 aux utilisateurs mineurs. Si vous \u00eates mineur, n&rsquo;essayez pas de vous inscrire en tant qu&rsquo;utilisateur. Si nous d\u00e9couvrons que nous avons obtenu par erreur des informations personnelles d&rsquo;un mineur, nous supprimerons ces informations d\u00e8s que possible.<\/p><p>\u00a0<\/p><p><strong>Destinataires de vos donn\u00e9es personnelles<\/strong><\/p><p>Nous informons les utilisateurs que leurs donn\u00e9es personnelles ne seront pas communiqu\u00e9es \u00e0 des tiers, \u00e0 l&rsquo;exception du fait que ladite communication de donn\u00e9es est couverte par une obligation l\u00e9gale ou lorsque, pour la bonne fourniture du service ou l&rsquo;ex\u00e9cution du contrat, il est n\u00e9cessaire de communiquer leurs donn\u00e9es \u00e0 d&rsquo;autres responsables du traitement tels que d&rsquo;autres soci\u00e9t\u00e9s du groupe, en charge du traitement.<\/p><p>Pour les cas o\u00f9 la communication de donn\u00e9es \u00e0 des tiers n&rsquo;est pas couverte par les bases juridiques \u00e9tablies dans la section pr\u00e9c\u00e9dente, la communication des donn\u00e9es \u00e0 d&rsquo;autres destinataires ne sera effectu\u00e9e que si l&rsquo;utilisateur a donn\u00e9 son consentement expr\u00e8s.<\/p><p>FRANCLAU MARKETING SL maintient des crit\u00e8res stricts pour la s\u00e9lection des sous-traitants et s&rsquo;engage contractuellement envers chacun \u00e0 respecter et \u00e0 faire respecter les obligations \u00e9tablies en mati\u00e8re de protection des donn\u00e9es.<\/p><p>Vous pouvez obtenir plus d&rsquo;informations sur le traitement des donn\u00e9es personnelles de notre organisation sur le lien suivant :<\/p><p><a href=\"https:\/\/www.accesousuario.com\/protecciondedatos\/rgpd\/informacion_consentimientoAPI.php?codEmpresa=68199\">https:\/\/www.accesousuario.com\/protecciondedatos\/rgpd\/informacion_consentimientoAPI.php?codEmpresa =68199<\/a><\/p><p><strong>\u00a0<\/strong><\/p><p><strong>Exercice des droits<\/strong><\/p><p>Conform\u00e9ment aux droits conf\u00e9r\u00e9s par la r\u00e9glementation en vigueur sur la protection des donn\u00e9es personnelles, l&rsquo;utilisateur peut exercer les droits d&rsquo;acc\u00e8s, de rectification, de limitation du traitement, de suppression, de portabilit\u00e9 et d&rsquo;opposition au traitement de ses donn\u00e9es en adressant sa demande \u00e0 \u00e0 l&rsquo;adresse postale indiqu\u00e9e ou \u00e0 l&#8217;email HOLA@FRANCLAU.COM<\/p><p>Pour exercer vos droits vous devez vous identifier en pr\u00e9sentant votre pi\u00e8ce d&rsquo;identit\u00e9.<\/p><p>Pour toute r\u00e9clamation vous pouvez contacter la m\u00eame adresse email indiqu\u00e9e. Vous pouvez \u00e9galement contacter l&rsquo;Agence espagnole de protection des donn\u00e9es : <a href=\"http:\/\/www.aepd.es\">www.aepd.es<\/a><\/p>\t\t\t\t\t\t\t\t<\/div>\n\t\t\t\t<\/div>\n\t\t\t\t\t<\/div>\n\t\t<\/div>\n\t\t\t\t\t<\/div>\n\t\t<\/section>\n\t\t\t\t<section class=\"elementor-section elementor-top-section elementor-element elementor-element-89a365b elementor-section-boxed elementor-section-height-default elementor-section-height-default\" data-id=\"89a365b\" data-element_type=\"section\" data-e-type=\"section\">\n\t\t\t\t\t\t<div class=\"elementor-container elementor-column-gap-default\">\n\t\t\t\t\t<div class=\"elementor-column elementor-col-100 elementor-top-column elementor-element elementor-element-90ab47d\" data-id=\"90ab47d\" data-element_type=\"column\" data-e-type=\"column\">\n\t\t\t<div class=\"elementor-widget-wrap elementor-element-populated\">\n\t\t\t\t\t\t<div class=\"elementor-element elementor-element-94f33aa elementor-widget elementor-widget-spacer\" data-id=\"94f33aa\" data-element_type=\"widget\" data-e-type=\"widget\" data-widget_type=\"spacer.default\">\n\t\t\t\t<div class=\"elementor-widget-container\">\n\t\t\t\t\t\t\t<div class=\"elementor-spacer\">\n\t\t\t<div class=\"elementor-spacer-inner\"><\/div>\n\t\t<\/div>\n\t\t\t\t\t\t<\/div>\n\t\t\t\t<\/div>\n\t\t\t\t\t<\/div>\n\t\t<\/div>\n\t\t\t\t\t<\/div>\n\t\t<\/section>\n\t\t\t\t<\/div>\n\t\t","protected":false},"excerpt":{"rendered":"<p>POLITIQUE DE CONFIDENTIALIT\u00c9 FRANCLAU MARKETING SL avec CIF B67596486 avec adresse \u00e0 Calle Doctor Barraquer num\u00e9ro 3-5, Local Nexes, 08770 Sant Sadurni d&rsquo;Anoia (BARCELONA), est propri\u00e9taire du site Web et responsable du traitement des donn\u00e9es personnelles que les utilisateurs fournissent \u00e0 travers celui-ci. site web. FRANCLAU MARKETING SL informe les utilisateurs de ce site Web &#8230; <a title=\"Politique de confidentialit\u00e9\" class=\"read-more\" href=\"https:\/\/franclau.com\/fr\/politique-de-confidentialite\/\" aria-label=\"En savoir plus sur Politique de confidentialit\u00e9\">Leer m\u00e1s<\/a><\/p>\n","protected":false},"author":1,"featured_media":0,"parent":0,"menu_order":0,"comment_status":"closed","ping_status":"closed","template":"","meta":{"footnotes":""},"class_list":["post-4193","page","type-page","status-publish"],"yoast_head":"<!-- This site is optimized with the Yoast SEO plugin v27.4 - https:\/\/yoast.com\/product\/yoast-seo-wordpress\/ -->\n<title>Politique de confidentialit\u00e9 - Agencia de Marketing Online | FRAN &amp; CLAU<\/title>\n<meta name=\"robots\" content=\"noindex, nofollow\" \/>\n<meta property=\"og:locale\" content=\"fr_FR\" \/>\n<meta property=\"og:type\" content=\"article\" \/>\n<meta property=\"og:title\" content=\"Politique de confidentialit\u00e9 - Agencia de Marketing Online | FRAN &amp; CLAU\" \/>\n<meta property=\"og:description\" content=\"POLITIQUE DE CONFIDENTIALIT\u00c9 FRANCLAU MARKETING SL avec CIF B67596486 avec adresse \u00e0 Calle Doctor Barraquer num\u00e9ro 3-5, Local Nexes, 08770 Sant Sadurni d&rsquo;Anoia (BARCELONA), est propri\u00e9taire du site Web et responsable du traitement des donn\u00e9es personnelles que les utilisateurs fournissent \u00e0 travers celui-ci. site web. FRANCLAU MARKETING SL informe les utilisateurs de ce site Web ... Leer m\u00e1s\" \/>\n<meta property=\"og:url\" content=\"https:\/\/franclau.com\/fr\/politique-de-confidentialite\/\" \/>\n<meta property=\"og:site_name\" content=\"Agencia de Marketing Online | FRAN &amp; CLAU\" \/>\n<meta property=\"article:modified_time\" content=\"2024-02-28T10:17:59+00:00\" \/>\n<meta name=\"twitter:card\" content=\"summary_large_image\" \/>\n<meta name=\"twitter:label1\" content=\"Dur\u00e9e de lecture estim\u00e9e\" \/>\n\t<meta name=\"twitter:data1\" content=\"5 minutes\" \/>\n<script type=\"application\/ld+json\" class=\"yoast-schema-graph\">{\"@context\":\"https:\\\/\\\/schema.org\",\"@graph\":[{\"@type\":\"WebPage\",\"@id\":\"https:\\\/\\\/franclau.com\\\/fr\\\/politique-de-confidentialite\\\/\",\"url\":\"https:\\\/\\\/franclau.com\\\/fr\\\/politique-de-confidentialite\\\/\",\"name\":\"Politique de confidentialit\u00e9 - Agencia de Marketing Online | FRAN &amp; CLAU\",\"isPartOf\":{\"@id\":\"https:\\\/\\\/franclau.com\\\/fr\\\/#website\"},\"datePublished\":\"2020-04-02T13:55:06+00:00\",\"dateModified\":\"2024-02-28T10:17:59+00:00\",\"breadcrumb\":{\"@id\":\"https:\\\/\\\/franclau.com\\\/fr\\\/politique-de-confidentialite\\\/#breadcrumb\"},\"inLanguage\":\"fr-FR\",\"potentialAction\":[{\"@type\":\"ReadAction\",\"target\":[\"https:\\\/\\\/franclau.com\\\/fr\\\/politique-de-confidentialite\\\/\"]}]},{\"@type\":\"BreadcrumbList\",\"@id\":\"https:\\\/\\\/franclau.com\\\/fr\\\/politique-de-confidentialite\\\/#breadcrumb\",\"itemListElement\":[{\"@type\":\"ListItem\",\"position\":1,\"name\":\"Portada\",\"item\":\"https:\\\/\\\/franclau.com\\\/fr\\\/\"},{\"@type\":\"ListItem\",\"position\":2,\"name\":\"Politique de confidentialit\u00e9\"}]},{\"@type\":\"WebSite\",\"@id\":\"https:\\\/\\\/franclau.com\\\/fr\\\/#website\",\"url\":\"https:\\\/\\\/franclau.com\\\/fr\\\/\",\"name\":\"Agencia de Marketing Online | FRAN &amp; CLAU\",\"description\":\"\",\"publisher\":{\"@id\":\"https:\\\/\\\/franclau.com\\\/fr\\\/#organization\"},\"potentialAction\":[{\"@type\":\"SearchAction\",\"target\":{\"@type\":\"EntryPoint\",\"urlTemplate\":\"https:\\\/\\\/franclau.com\\\/fr\\\/?s={search_term_string}\"},\"query-input\":{\"@type\":\"PropertyValueSpecification\",\"valueRequired\":true,\"valueName\":\"search_term_string\"}}],\"inLanguage\":\"fr-FR\"},{\"@type\":\"Organization\",\"@id\":\"https:\\\/\\\/franclau.com\\\/fr\\\/#organization\",\"name\":\"Agencia de Marketing Online | FRAN &amp; CLAU\",\"url\":\"https:\\\/\\\/franclau.com\\\/fr\\\/\",\"logo\":{\"@type\":\"ImageObject\",\"inLanguage\":\"fr-FR\",\"@id\":\"https:\\\/\\\/franclau.com\\\/fr\\\/#\\\/schema\\\/logo\\\/image\\\/\",\"url\":\"https:\\\/\\\/franclau.com\\\/wp-content\\\/uploads\\\/2019\\\/11\\\/cropped-Logo-FranyClau.png\",\"contentUrl\":\"https:\\\/\\\/franclau.com\\\/wp-content\\\/uploads\\\/2019\\\/11\\\/cropped-Logo-FranyClau.png\",\"width\":612,\"height\":112,\"caption\":\"Agencia de Marketing Online | FRAN &amp; CLAU\"},\"image\":{\"@id\":\"https:\\\/\\\/franclau.com\\\/fr\\\/#\\\/schema\\\/logo\\\/image\\\/\"}}]}<\/script>\n<!-- \/ Yoast SEO plugin. -->","yoast_head_json":{"title":"Politique de confidentialit\u00e9 - Agencia de Marketing Online | FRAN &amp; CLAU","robots":{"index":"noindex","follow":"nofollow"},"og_locale":"fr_FR","og_type":"article","og_title":"Politique de confidentialit\u00e9 - Agencia de Marketing Online | FRAN &amp; CLAU","og_description":"POLITIQUE DE CONFIDENTIALIT\u00c9 FRANCLAU MARKETING SL avec CIF B67596486 avec adresse \u00e0 Calle Doctor Barraquer num\u00e9ro 3-5, Local Nexes, 08770 Sant Sadurni d&rsquo;Anoia (BARCELONA), est propri\u00e9taire du site Web et responsable du traitement des donn\u00e9es personnelles que les utilisateurs fournissent \u00e0 travers celui-ci. site web. FRANCLAU MARKETING SL informe les utilisateurs de ce site Web ... Leer m\u00e1s","og_url":"https:\/\/franclau.com\/fr\/politique-de-confidentialite\/","og_site_name":"Agencia de Marketing Online | FRAN &amp; CLAU","article_modified_time":"2024-02-28T10:17:59+00:00","twitter_card":"summary_large_image","twitter_misc":{"Dur\u00e9e de lecture estim\u00e9e":"5 minutes"},"schema":{"@context":"https:\/\/schema.org","@graph":[{"@type":"WebPage","@id":"https:\/\/franclau.com\/fr\/politique-de-confidentialite\/","url":"https:\/\/franclau.com\/fr\/politique-de-confidentialite\/","name":"Politique de confidentialit\u00e9 - Agencia de Marketing Online | FRAN &amp; CLAU","isPartOf":{"@id":"https:\/\/franclau.com\/fr\/#website"},"datePublished":"2020-04-02T13:55:06+00:00","dateModified":"2024-02-28T10:17:59+00:00","breadcrumb":{"@id":"https:\/\/franclau.com\/fr\/politique-de-confidentialite\/#breadcrumb"},"inLanguage":"fr-FR","potentialAction":[{"@type":"ReadAction","target":["https:\/\/franclau.com\/fr\/politique-de-confidentialite\/"]}]},{"@type":"BreadcrumbList","@id":"https:\/\/franclau.com\/fr\/politique-de-confidentialite\/#breadcrumb","itemListElement":[{"@type":"ListItem","position":1,"name":"Portada","item":"https:\/\/franclau.com\/fr\/"},{"@type":"ListItem","position":2,"name":"Politique de confidentialit\u00e9"}]},{"@type":"WebSite","@id":"https:\/\/franclau.com\/fr\/#website","url":"https:\/\/franclau.com\/fr\/","name":"Agencia de Marketing Online | FRAN &amp; CLAU","description":"","publisher":{"@id":"https:\/\/franclau.com\/fr\/#organization"},"potentialAction":[{"@type":"SearchAction","target":{"@type":"EntryPoint","urlTemplate":"https:\/\/franclau.com\/fr\/?s={search_term_string}"},"query-input":{"@type":"PropertyValueSpecification","valueRequired":true,"valueName":"search_term_string"}}],"inLanguage":"fr-FR"},{"@type":"Organization","@id":"https:\/\/franclau.com\/fr\/#organization","name":"Agencia de Marketing Online | FRAN &amp; CLAU","url":"https:\/\/franclau.com\/fr\/","logo":{"@type":"ImageObject","inLanguage":"fr-FR","@id":"https:\/\/franclau.com\/fr\/#\/schema\/logo\/image\/","url":"https:\/\/franclau.com\/wp-content\/uploads\/2019\/11\/cropped-Logo-FranyClau.png","contentUrl":"https:\/\/franclau.com\/wp-content\/uploads\/2019\/11\/cropped-Logo-FranyClau.png","width":612,"height":112,"caption":"Agencia de Marketing Online | FRAN &amp; CLAU"},"image":{"@id":"https:\/\/franclau.com\/fr\/#\/schema\/logo\/image\/"}}]}},"_links":{"self":[{"href":"https:\/\/franclau.com\/fr\/wp-json\/wp\/v2\/pages\/4193","targetHints":{"allow":["GET"]}}],"collection":[{"href":"https:\/\/franclau.com\/fr\/wp-json\/wp\/v2\/pages"}],"about":[{"href":"https:\/\/franclau.com\/fr\/wp-json\/wp\/v2\/types\/page"}],"author":[{"embeddable":true,"href":"https:\/\/franclau.com\/fr\/wp-json\/wp\/v2\/users\/1"}],"replies":[{"embeddable":true,"href":"https:\/\/franclau.com\/fr\/wp-json\/wp\/v2\/comments?post=4193"}],"version-history":[{"count":5,"href":"https:\/\/franclau.com\/fr\/wp-json\/wp\/v2\/pages\/4193\/revisions"}],"predecessor-version":[{"id":4200,"href":"https:\/\/franclau.com\/fr\/wp-json\/wp\/v2\/pages\/4193\/revisions\/4200"}],"wp:attachment":[{"href":"https:\/\/franclau.com\/fr\/wp-json\/wp\/v2\/media?parent=4193"}],"curies":[{"name":"wp","href":"https:\/\/api.w.org\/{rel}","templated":true}]}}